{"id":165,"date":"2025-07-10T22:31:26","date_gmt":"2025-07-10T19:31:26","guid":{"rendered":"https:\/\/efenurgida.com.tr\/?page_id=165"},"modified":"2025-07-10T22:39:17","modified_gmt":"2025-07-10T19:39:17","slug":"hakkimizda","status":"publish","type":"page","link":"https:\/\/efenurgida.com.tr\/index.php\/hakkimizda\/","title":{"rendered":"Hakk\u0131m\u0131zda"},"content":{"rendered":"\n<p>Efenur G\u0131da olarak, 2010 y\u0131l\u0131ndan bu yana <b>Mega Center&#8217;da<\/b> sizlere en kaliteli ve taze \u00fcr\u00fcnleri sunmaktan gurur duyuyoruz. Ge\u00e7ti\u011fimiz 14 y\u0131l boyunca, sofralar\u0131n\u0131z\u0131n vazge\u00e7ilmezi olacak <b>kahvalt\u0131l\u0131k \u00fcr\u00fcnler, taptaze et \u00fcr\u00fcnleri, \u00f6zenle se\u00e7ilmi\u015f peynirler ve leziz zeytinler<\/b> ile hizmet verdik.<\/p>\n<p>M\u00fc\u015fteri memnuniyetini her zaman \u00f6n planda tutan anlay\u0131\u015f\u0131m\u0131zla, \u00fcr\u00fcn yelpazemizi s\u00fcrekli geni\u015fleterek sizlere daha fazla \u00e7e\u015fitlilik sunmay\u0131 hedefliyoruz. Efenur G\u0131da olarak, her zaman <b>do\u011fall\u0131\u011f\u0131, kaliteyi ve g\u00fcveni<\/b> sofralar\u0131n\u0131za ta\u015f\u0131mak i\u00e7in \u00e7al\u0131\u015f\u0131yoruz.<\/p>\n<p>Bizi tercih etti\u011finiz i\u00e7in te\u015fekk\u00fcr ederiz.<\/p>\n\n","protected":false},"excerpt":{"rendered":"","protected":false},"author":1,"featured_media":0,"parent":0,"menu_order":0,"comment_status":"closed","ping_status":"closed","template":"","meta":{"footnotes":""},"class_list":["post-165","page","type-page","status-publish","hentry"],"_links":{"self":[{"href":"https:\/\/efenurgida.com.tr\/index.php\/wp-json\/wp\/v2\/pages\/165","targetHints":{"allow":["GET"]}}],"collection":[{"href":"https:\/\/efenurgida.com.tr\/index.php\/wp-json\/wp\/v2\/pages"}],"about":[{"href":"https:\/\/efenurgida.com.tr\/index.php\/wp-json\/wp\/v2\/types\/page"}],"author":[{"embeddable":true,"href":"https:\/\/efenurgida.com.tr\/index.php\/wp-json\/wp\/v2\/users\/1"}],"replies":[{"embeddable":true,"href":"https:\/\/efenurgida.com.tr\/index.php\/wp-json\/wp\/v2\/comments?post=165"}],"version-history":[{"count":2,"href":"https:\/\/efenurgida.com.tr\/index.php\/wp-json\/wp\/v2\/pages\/165\/revisions"}],"predecessor-version":[{"id":180,"href":"https:\/\/efenurgida.com.tr\/index.php\/wp-json\/wp\/v2\/pages\/165\/revisions\/180"}],"wp:attachment":[{"href":"https:\/\/efenurgida.com.tr\/index.php\/wp-json\/wp\/v2\/media?parent=165"}],"curies":[{"name":"wp","href":"https:\/\/api.w.org\/{rel}","templated":true}]}}