{"id":168,"date":"2025-07-10T22:33:52","date_gmt":"2025-07-10T19:33:52","guid":{"rendered":"https:\/\/efenurgida.com.tr\/?page_id=168"},"modified":"2025-07-10T22:36:35","modified_gmt":"2025-07-10T19:36:35","slug":"iletisim","status":"publish","type":"page","link":"https:\/\/efenurgida.com.tr\/index.php\/iletisim\/","title":{"rendered":"\u0130leti\u015fim"},"content":{"rendered":"\n<p><iframe src=\"https:\/\/www.google.com\/maps\/embed?pb=!1m18!1m12!1m3!1d3008.8837546663012!2d28.88993217655363!3d41.04967111687438!2m3!1f0!2f0!3f0!3m2!1i1024!2i768!4f13.1!3m3!1m2!1s0x14caba9b6fb5f0e5%3A0xae146b606aac7f33!2zS29jYXRlcGUsIE1lZ2FjZW50ZXIgR8OcTVLDnEsgxLBTS0VMRVPEsCBDQUQgQSBCbG9rLCAzNDA0NSBCYXlyYW1wYcWfYS_EsHN0YW5idWw!5e0!3m2!1str!2str!4v1752176001088!5m2!1str!2str\" width=\"1200\" height=\"350\" style=\"border:0;\" allowfullscreen=\"\" loading=\"lazy\" referrerpolicy=\"no-referrer-when-downgrade\"><\/iframe><\/p>\n\n<p>Kocatepe Mah. G\u00fcmr\u00fck \u0130skelesi Cad. 339 Mega Center A Blok Bayrampa\u015fa, \u0130stanbul<\/p>\n<p>0212 437 19 99<\/p>\n<p>+90 536 561 41 16 <strong>Adem Karaku\u015f<\/strong><\/p>\n<p>info@efenurgida.com.tr<\/p>\n\n","protected":false},"excerpt":{"rendered":"","protected":false},"author":1,"featured_media":0,"parent":0,"menu_order":0,"comment_status":"closed","ping_status":"closed","template":"","meta":{"footnotes":""},"class_list":["post-168","page","type-page","status-publish","hentry"],"_links":{"self":[{"href":"https:\/\/efenurgida.com.tr\/index.php\/wp-json\/wp\/v2\/pages\/168","targetHints":{"allow":["GET"]}}],"collection":[{"href":"https:\/\/efenurgida.com.tr\/index.php\/wp-json\/wp\/v2\/pages"}],"about":[{"href":"https:\/\/efenurgida.com.tr\/index.php\/wp-json\/wp\/v2\/types\/page"}],"author":[{"embeddable":true,"href":"https:\/\/efenurgida.com.tr\/index.php\/wp-json\/wp\/v2\/users\/1"}],"replies":[{"embeddable":true,"href":"https:\/\/efenurgida.com.tr\/index.php\/wp-json\/wp\/v2\/comments?post=168"}],"version-history":[{"count":4,"href":"https:\/\/efenurgida.com.tr\/index.php\/wp-json\/wp\/v2\/pages\/168\/revisions"}],"predecessor-version":[{"id":174,"href":"https:\/\/efenurgida.com.tr\/index.php\/wp-json\/wp\/v2\/pages\/168\/revisions\/174"}],"wp:attachment":[{"href":"https:\/\/efenurgida.com.tr\/index.php\/wp-json\/wp\/v2\/media?parent=168"}],"curies":[{"name":"wp","href":"https:\/\/api.w.org\/{rel}","templated":true}]}}