{"id":127,"date":"2025-07-10T21:32:38","date_gmt":"2025-07-10T18:32:38","guid":{"rendered":"http:\/\/efenurgida.com.tr\/?post_type=product&#038;p=127"},"modified":"2025-07-10T22:31:29","modified_gmt":"2025-07-10T19:31:29","slug":"muslumoglu-dana-dilimli-sucuk-2","status":"publish","type":"product","link":"https:\/\/efenurgida.com.tr\/index.php\/product\/muslumoglu-dana-dilimli-sucuk-2\/","title":{"rendered":"M\u00fcsl\u00fcmo\u011flu Dana Dilimli Sucuk"},"content":{"rendered":"","protected":false},"excerpt":{"rendered":"","protected":false},"featured_media":166,"comment_status":"open","ping_status":"closed","template":"","meta":[],"product_brand":[33],"product_cat":[24],"product_tag":[],"class_list":{"0":"post-127","1":"product","2":"type-product","3":"status-publish","4":"has-post-thumbnail","6":"product_brand-muslumoglu","7":"product_cat-sucuklar","9":"first","10":"instock","11":"shipping-taxable","12":"product-type-simple"},"_links":{"self":[{"href":"https:\/\/efenurgida.com.tr\/index.php\/wp-json\/wp\/v2\/product\/127","targetHints":{"allow":["GET"]}}],"collection":[{"href":"https:\/\/efenurgida.com.tr\/index.php\/wp-json\/wp\/v2\/product"}],"about":[{"href":"https:\/\/efenurgida.com.tr\/index.php\/wp-json\/wp\/v2\/types\/product"}],"replies":[{"embeddable":true,"href":"https:\/\/efenurgida.com.tr\/index.php\/wp-json\/wp\/v2\/comments?post=127"}],"wp:featuredmedia":[{"embeddable":true,"href":"https:\/\/efenurgida.com.tr\/index.php\/wp-json\/wp\/v2\/media\/166"}],"wp:attachment":[{"href":"https:\/\/efenurgida.com.tr\/index.php\/wp-json\/wp\/v2\/media?parent=127"}],"wp:term":[{"taxonomy":"product_brand","embeddable":true,"href":"https:\/\/efenurgida.com.tr\/index.php\/wp-json\/wp\/v2\/product_brand?post=127"},{"taxonomy":"product_cat","embeddable":true,"href":"https:\/\/efenurgida.com.tr\/index.php\/wp-json\/wp\/v2\/product_cat?post=127"},{"taxonomy":"product_tag","embeddable":true,"href":"https:\/\/efenurgida.com.tr\/index.php\/wp-json\/wp\/v2\/product_tag?post=127"}],"curies":[{"name":"wp","href":"https:\/\/api.w.org\/{rel}","templated":true}]}}